{"id":2144,"date":"2025-07-01T10:52:26","date_gmt":"2025-07-01T08:52:26","guid":{"rendered":"https:\/\/www.kanzlei-fahn.de\/?page_id=2144"},"modified":"2025-07-01T11:02:55","modified_gmt":"2025-07-01T09:02:55","slug":"datev-mittelstand","status":"publish","type":"page","link":"https:\/\/kanzlei-fahn.de\/en\/datev-2\/datev-mittelstand\/","title":{"rendered":"(Deutsch) DATEV Mittelstand"},"content":{"rendered":"<p class=\"qtranxs-available-languages-message qtranxs-available-languages-message-en\">Sorry, this entry is only available in <a href=\"https:\/\/kanzlei-fahn.de\/de\/wp-json\/wp\/v2\/pages\/2144\" class=\"qtranxs-available-language-link qtranxs-available-language-link-de\" title=\"Deutsch\">Deutsch<\/a>. For the sake of viewer convenience, the content is shown below in the alternative language. You may click the link to switch the active language.<\/p><p><\/p>\n<div class=\"justify\">\n<p>Rechnungsschreibung und Buchf\u00fchrung leicht gemacht:<br \/>\nMit den Softwarel\u00f6sungen f\u00fcr kleine und mittelst\u00e4ndische Unternehmen stehen Ihnen alle wesentlichen kaufm\u00e4nnischen Funktionen zur Verf\u00fcgung.<\/p>\n<p>F\u00fcr Ihre Anforderung die passende DATEV-L\u00f6sung:<\/p>\n<h3 class=\"titel\"><a href=\"https:\/\/www.datev.de\/web\/de\/datev-shop\/komplettloesungen\/datev-mittelstand-faktura-mit-rechnungswesen\/\" target=\"_blank\" rel=\"noopener\"><strong><span style=\"color: #339966;\">DATEV Mittelstand Faktura mit Rechnungswesen<\/span><\/strong><\/a><\/h3>\n<p>DATEV Mittelstand Faktura mit Rechnungswesen enth\u00e4lt Auftragsverwaltung und Dokumentenablage sowie zus\u00e4tzlich eine Buchf\u00fchrungskomponente. Die passende L\u00f6sung f\u00fcr Unternehmen, die die Finanzbuchf\u00fchrung im Betrieb erstellen!<\/p>\n<\/div>\n<hr>\n<p><a href=\"https:\/\/www.smartexperts.de\/searchdetail\/fahn-partner-wirtschaftspruefer-steuerberater-muenchen-mbb\/1709292\" target=\"_blank\" rel=\"noopener\"><img loading=\"lazy\" decoding=\"async\" class=\"alignnone\" src=\"https:\/\/www.smartexperts.de\/assets\/img\/siegel\/label_smartexperts_farbig.svg\" alt=\"Label DATEV SmartExpert\" width=\"300\" height=\"83\"><\/a><\/p>","protected":false},"excerpt":{"rendered":"<p>Sorry, this entry is only available in Deutsch. For the sake of viewer convenience, the content is shown below in the alternative language. You may click the link to switch &#8230;<\/p>\n","protected":false},"author":1,"featured_media":0,"parent":2131,"menu_order":0,"comment_status":"closed","ping_status":"closed","template":"","meta":{"footnotes":""},"class_list":["post-2144","page","type-page","status-publish","hentry"],"aioseo_notices":[],"_links":{"self":[{"href":"https:\/\/kanzlei-fahn.de\/en\/wp-json\/wp\/v2\/pages\/2144","targetHints":{"allow":["GET"]}}],"collection":[{"href":"https:\/\/kanzlei-fahn.de\/en\/wp-json\/wp\/v2\/pages"}],"about":[{"href":"https:\/\/kanzlei-fahn.de\/en\/wp-json\/wp\/v2\/types\/page"}],"author":[{"embeddable":true,"href":"https:\/\/kanzlei-fahn.de\/en\/wp-json\/wp\/v2\/users\/1"}],"replies":[{"embeddable":true,"href":"https:\/\/kanzlei-fahn.de\/en\/wp-json\/wp\/v2\/comments?post=2144"}],"version-history":[{"count":10,"href":"https:\/\/kanzlei-fahn.de\/en\/wp-json\/wp\/v2\/pages\/2144\/revisions"}],"predecessor-version":[{"id":9516,"href":"https:\/\/kanzlei-fahn.de\/en\/wp-json\/wp\/v2\/pages\/2144\/revisions\/9516"}],"up":[{"embeddable":true,"href":"https:\/\/kanzlei-fahn.de\/en\/wp-json\/wp\/v2\/pages\/2131"}],"wp:attachment":[{"href":"https:\/\/kanzlei-fahn.de\/en\/wp-json\/wp\/v2\/media?parent=2144"}],"curies":[{"name":"wp","href":"https:\/\/api.w.org\/{rel}","templated":true}]}}