{"id":2147,"date":"2025-04-14T11:53:01","date_gmt":"2025-04-14T09:53:01","guid":{"rendered":"https:\/\/www.kanzlei-fahn.de\/?page_id=2147"},"modified":"2025-04-14T18:15:25","modified_gmt":"2025-04-14T16:15:25","slug":"mandanten-fernbetreuung","status":"publish","type":"page","link":"https:\/\/kanzlei-fahn.de\/en\/datev-2\/mandanten-fernbetreuung\/","title":{"rendered":"(Deutsch) Mandanten-Fernbetreuung"},"content":{"rendered":"<p class=\"qtranxs-available-languages-message qtranxs-available-languages-message-en\">Sorry, this entry is only available in <a href=\"https:\/\/kanzlei-fahn.de\/de\/wp-json\/wp\/v2\/pages\/2147\" class=\"qtranxs-available-language-link qtranxs-available-language-link-de\" title=\"Deutsch\">Deutsch<\/a>. For the sake of viewer convenience, the content is shown below in the alternative language. You may click the link to switch the active language.<\/p><p><\/p>\n<div class=\"justify\">Die&nbsp;<strong>DATEV Mandanten-Fernbetreuung<\/strong>&nbsp;unterst\u00fctzt die Online-Zusammenarbeit zwischen Berater und Mandant. Sie ist eine Fernbetreuungssoftware und erm\u00f6glicht, dass zwischen zwei PCs \u00fcber einen beliebigen Internet-Zugang eine direkte Verbindung aufgebaut werden kann.Die&nbsp;<strong>Mandanten-Fernbetreuung<\/strong>&nbsp;bietet einen Fernzugriff, d. h. der entfernte PC kann eingesehen und gesteuert werden, sowie einen Pr\u00e4sentationsmodus, mit dem der eigene Bildschirminhalt via Internet dem Kommunikationspartner pr\u00e4sentiert wird. Die&nbsp;<strong>Mandanten-Fernbetreuung<\/strong>&nbsp;wird nicht installiert, sondern kann direkt hier zur Nutzung ausgef\u00fchrt werden.<\/p>\n<h3><span style=\"color: #339966;\"><a style=\"color: #339966;\" href=\"https:\/\/www.datev.de\/web\/de\/service\/software-auslieferung\/download-bereich\/it-loesungen-und-security\/mandanten-fernbetreuung\/mandanten-fernbetreuung-kunden-modul\/\" target=\"_blank\" rel=\"noopener noreferrer\"><strong>DATEV Mandanten-Fernbetreuung Kunden-Modul<\/strong><\/a><\/span><\/h3>\n<\/div>\n<hr>\n<p><a href=\"https:\/\/www.smartexperts.de\/searchdetail\/fahn-partner-wirtschaftspruefer-steuerberater-muenchen-mbb\/1709292\" target=\"_blank\" rel=\"noopener\"><img loading=\"lazy\" decoding=\"async\" class=\"alignnone\" src=\"https:\/\/www.smartexperts.de\/assets\/img\/siegel\/label_smartexperts_farbig.svg\" alt=\"Label DATEV SmartExpert\" width=\"300\" height=\"83\"><\/a><\/p>","protected":false},"excerpt":{"rendered":"<p>Sorry, this entry is only available in Deutsch. For the sake of viewer convenience, the content is shown below in the alternative language. You may click the link to switch &#8230;<\/p>\n","protected":false},"author":1,"featured_media":0,"parent":2131,"menu_order":0,"comment_status":"closed","ping_status":"closed","template":"","meta":{"footnotes":""},"class_list":["post-2147","page","type-page","status-publish","hentry"],"aioseo_notices":[],"_links":{"self":[{"href":"https:\/\/kanzlei-fahn.de\/en\/wp-json\/wp\/v2\/pages\/2147","targetHints":{"allow":["GET"]}}],"collection":[{"href":"https:\/\/kanzlei-fahn.de\/en\/wp-json\/wp\/v2\/pages"}],"about":[{"href":"https:\/\/kanzlei-fahn.de\/en\/wp-json\/wp\/v2\/types\/page"}],"author":[{"embeddable":true,"href":"https:\/\/kanzlei-fahn.de\/en\/wp-json\/wp\/v2\/users\/1"}],"replies":[{"embeddable":true,"href":"https:\/\/kanzlei-fahn.de\/en\/wp-json\/wp\/v2\/comments?post=2147"}],"version-history":[{"count":10,"href":"https:\/\/kanzlei-fahn.de\/en\/wp-json\/wp\/v2\/pages\/2147\/revisions"}],"predecessor-version":[{"id":9517,"href":"https:\/\/kanzlei-fahn.de\/en\/wp-json\/wp\/v2\/pages\/2147\/revisions\/9517"}],"up":[{"embeddable":true,"href":"https:\/\/kanzlei-fahn.de\/en\/wp-json\/wp\/v2\/pages\/2131"}],"wp:attachment":[{"href":"https:\/\/kanzlei-fahn.de\/en\/wp-json\/wp\/v2\/media?parent=2147"}],"curies":[{"name":"wp","href":"https:\/\/api.w.org\/{rel}","templated":true}]}}