{"id":398,"date":"2023-09-01T10:38:53","date_gmt":"2023-09-01T08:38:53","guid":{"rendered":"http:\/\/88.217.240.170\/?page_id=398"},"modified":"2025-02-07T13:05:10","modified_gmt":"2025-02-07T12:05:10","slug":"bewertungen","status":"publish","type":"page","link":"https:\/\/kanzlei-fahn.de\/en\/service\/bewertungen\/","title":{"rendered":"Reviews"},"content":{"rendered":"<p class=\"qtranxs-available-languages-message qtranxs-available-languages-message-en\">Sorry, this entry is only available in <a href=\"https:\/\/kanzlei-fahn.de\/de\/wp-json\/wp\/v2\/pages\/398\" class=\"qtranxs-available-language-link qtranxs-available-language-link-de\" title=\"Deutsch\">Deutsch<\/a>. For the sake of viewer convenience, the content is shown below in the alternative language. You may click the link to switch the active language.<\/p><p><\/p>\n<div id=\"myWidgetContainer\">\n<p><script async type=\"text\/javascript\" src=\"https:\/\/www.meinungsmeister.de\/js\/widget\/mm-widget.js?widgetid=1f451876-c1ff-47ec-b4f0-879bdc877ecb&#038;containerid=myWidgetContainer\" charset=\"utf-8\"><\/script><\/p>\n<\/div>\n<p>&nbsp;<\/p>\n<p>&nbsp;<\/p>\n<p><strong><img loading=\"lazy\" decoding=\"async\" class=\"alignright size-medium wp-image-11861\" src=\"https:\/\/kanzlei-fahn.de\/wp-content\/uploads\/ExzAG2025_Siegel_RGB_Bay-164x300.png\" alt=\"Exzellenter Arbeitgeber 2025\" width=\"164\" height=\"300\" srcset=\"https:\/\/kanzlei-fahn.de\/wp-content\/uploads\/ExzAG2025_Siegel_RGB_Bay-164x300.png 164w, https:\/\/kanzlei-fahn.de\/wp-content\/uploads\/ExzAG2025_Siegel_RGB_Bay-559x1024.png 559w, https:\/\/kanzlei-fahn.de\/wp-content\/uploads\/ExzAG2025_Siegel_RGB_Bay-55x100.png 55w, https:\/\/kanzlei-fahn.de\/wp-content\/uploads\/ExzAG2025_Siegel_RGB_Bay-768x1407.png 768w, https:\/\/kanzlei-fahn.de\/wp-content\/uploads\/ExzAG2025_Siegel_RGB_Bay-839x1536.png 839w, https:\/\/kanzlei-fahn.de\/wp-content\/uploads\/ExzAG2025_Siegel_RGB_Bay-1118x2048.png 1118w, https:\/\/kanzlei-fahn.de\/wp-content\/uploads\/ExzAG2025_Siegel_RGB_Bay.png 1365w\" sizes=\"auto, (max-width: 164px) 100vw, 164px\" \/>\u201eEXZELLENTER ARBEITGEBER 2025\u201c: FAHN &amp; Partner Wirtschaftspr\u00fcfer Steuerberater M\u00fcnchen mbB im Branchenvergleich ausgezeichnet. <\/strong><\/p>\n<p>&nbsp;<\/p>\n<p>Herausragende Steuerberatung geht weit \u00fcber das Zusammentragen von Zahlen hinaus: Sie erfordert Gesp\u00fcr und Verst\u00e4ndnis f\u00fcr Ihre Unternehmen, Ihre Situation und Ihre Ziele. Darum sind exzellente Mitarbeiterinnen und Mitarbeiter f\u00fcr jede ambitionierte Steuerkanzlei das A und O, ohne Wenn und Aber. Wir bei FAHN &amp; Partner Wirtschaftspr\u00fcfer Steuerberater M\u00fcnchen mbB wissen das. Darum legen wir seit jeher gro\u00dfen Wert darauf, die besten K\u00f6pfe und vielversprechenden Nachwuchs f\u00fcr unser Team zu gewinnen \u2013 und langfristig an uns zu binden. Damit wir Ihnen Beratung und Service auf dem erstklassigen Niveau bieten k\u00f6nnen, das Sie erwarten. Und an uns sch\u00e4tzen.<\/p>\n<p>&nbsp;<\/p>\n<p>Darum haben wir bei FAHN &amp; Partner Wirtschaftspr\u00fcfer Steuerberater M\u00fcnchen mbB ein Arbeitsumfeld geschaffen, das in puncto Exzellenz unseren aktuellen und zuk\u00fcnftigen Mitarbeiter und Mitarbeiterinnen in nichts nachsteht. Das Betriebsklima ist wertsch\u00e4tzend, das Arbeitsumfeld hervorragend, die Verg\u00fctung fair, die Arbeitszeitmodelle flexibel und die Entwicklungs- und Karrierechancen sind \u00fcberragend.<\/p>\n<p>&nbsp;<\/p>\n<p>Die Auszeichnung \u201cExzellenter Arbeitgeber\u201d wird j\u00e4hrlich von den Steuerberaterverb\u00e4nden an die Steuerkanzleien und -B\u00fcros vergeben, die ein \u00fcberdurchschnittliches Engagement f\u00fcr ihre Mitarbeiter und Mitarbeiterinnen zeigen. Wir sind stolz auf diese Auszeichnung sowie die damit verbundene Anerkennung f\u00fcr die herausragende Arbeitskultur bei FAHN &amp; Partner Wirtschaftspr\u00fcfer Steuerberater M\u00fcnchen mbB Und sind uns sicher: Unsere Mitarbeiter und Mitarbeiterinnen merken unserer t\u00e4glichen Arbeit an, wie wohl sich unser Team bei uns f\u00fchlt.<\/p>\n<p>&nbsp;<\/p>\n<p>Mehr \u00fcber das Qualit\u00e4tssiegel \u201eExzellenter Arbeitgeber\u201c erfahren Sie hier:<\/p>\n<p><a href=\"https:\/\/exzellenterarbeitgeber.de\" target=\"_blank\" rel=\"noopener\">https:\/\/exzellenterarbeitgeber.de<\/a><\/p>\n<p>&nbsp;<\/p>\n<p>&nbsp;<\/p>\n<p>Gratulation! Ihr Unternehmen FAHN &amp; Partner Wirtschaftspr\u00fcfer Steuerberater M\u00fcnchen mbB geh\u00f6rt erneut in Ihrer Branche zu den bestbewerteten Unternehmen. Sie wurden von uns mit dem TOP 3 Bewertungssiegel ausgezeichnet.<\/p>\n<p>Ihr Unternehmen ist mit 5 von 5 Sternen bewertet. Damit z\u00e4hlen Sie zu den TOP 3 Unternehmen in der Branche &#8220;Steuerberater&#8221; in M\u00fcnchen.<\/p>\n<div style=\"position: relative; overflow: hidden; background-image: url('https:\/\/www.goyellow.de\/siegel\/topx.svg?badgename=TOP 3&amp;badgedate=12\/2020'); background-repeat: no-repeat; display: block; width: 250px; height: 250px;\">\n<div style=\"position: absolute; overflow: hidden; text-align: left; line-height: 16px; display: block; box-sizing: content-box; font-family: arial, sans-serif; font-size: 12px; font-weight: bold; padding: 0 14px; margin: 0; bottom: 16px; width: 220px; left: 0px; height: 70px;\"><a style=\"word-wrap: break-word; display: block; padding: 0; margin: 0; box-sizing: content-box; font-family: arial, sans-serif; font-size: 12px; font-weight: bold; color: #0b5fb4; text-decoration: underline;\" title=\"FAHN &amp; Partner Wirtschaftspr\u00fcfer Steuerberater M\u00fcnchen mbB\" href=\"https:\/\/www.goyellow.de\/home\/steuerberater-fahn-partner-wirtschaftspruefer-steuerberater-muenchen-mbb-muenchen--kvvmr--kvvmr.html?topxid=8742108\" target=\"_blank\" rel=\"noopener\">FAHN &amp; Partner Wirtschaftspr\u00fcfer Steuerberater M\u00fcn&#8230;<\/a><br \/>\n<a style=\"word-wrap: break-word; display: block; padding: 0; margin: 7px 0 0 0; box-sizing: content-box; font-family: arial, sans-serif; font-size: 12px; font-weight: bold; color: #0b5fb4; text-decoration: underline;\" title=\"Steuerberater in M\u00fcnchen\" href=\"https:\/\/www.goyellow.de\/suche\/steuerberater\/m%C3%BCnchen?topxid=8742108\" target=\"_blank\" rel=\"noopener\">Steuerberater\u00a0M\u00fcnchen<\/a><\/div>\n<\/div>\n<hr \/>\n<hr \/>\n<p><img loading=\"lazy\" decoding=\"async\" class=\"alignnone wp-image-612 size-full\" src=\"https:\/\/www.kanzlei-fahn.de\/wp-content\/uploads\/bewertungen.jpg\" alt=\"Bewertungen\" width=\"700\" height=\"256\" srcset=\"https:\/\/kanzlei-fahn.de\/wp-content\/uploads\/bewertungen.jpg 700w, https:\/\/kanzlei-fahn.de\/wp-content\/uploads\/bewertungen-300x110.jpg 300w\" sizes=\"auto, (max-width: 700px) 100vw, 700px\" \/><\/p>\n<p><strong>Bester Service und kundenfreundlicher Umgang. Sehr empfehlenswert.<br \/>\n<\/strong>Private Steuererkl\u00e4rung und f\u00fcr meine Gesellschaft: In der Kanzlei Fahn bekommt man immer sehr kompetente Beratung und Informationen. Die Abwicklung wird modern und unkompliziert gehandhabt. Komplexe Zusammenh\u00e4nge und Steuergesetze werden an Fallbeispielen &#8220;kundenfreundlich&#8221; erkl\u00e4rt. Bester Service und kundenfreundlicher Umgang. Sehr empfehlenswert.<\/p>\n<p><strong>Hervorragender Steuerberater f. GmbH-Gr\u00fcndung.<br \/>\n<\/strong>Wir werden von Hr. Fahn steuerlich ausgezeichnet beraten. Die anschlie\u00dfende Betreuung durch ihn und seine Mitarbeiterinnen ist ebenfalls sehr empfehlenswert.<\/p>\n<p><strong>Sehr gute Beratung<br \/>\n<\/strong>Hr. Fahn ber\u00e4t uns schon mehrere Jahre. Wir sind mit der Beratung seit Jahren sehr zufrieden-Empfehlen diese Kanzlei uneingeschr\u00e4nkt.<\/p>\n<p><strong>Steuerberatung vom Feinsten<br \/>\n<\/strong>Die Empfehlung der Kanzlei Fahn auf dieser Seite kann ich nur best\u00e4tigen. Wir wurden von Hr. Fahn bei komplexen steuerlichen Sachverhalten zur Aufnahme von weiteren Gesellschaftern in unsere GmbH hervorragend beraten. F\u00fcr unseren bisherigen Steuerberater war das wohl die beste Fortbildungsveranstaltung. Herr Fahn hat ein hervorragendes \u00fcbergreifendes Wissen, das er auch sehr gut vermitteln kann. Respekt!<\/p>\n<p>&nbsp;<\/p>\n<h3><a href=\"https:\/\/www.werkenntdenbesten.de\/e\/Z36345\/fahn-wirtschaftspruefer-steuerberater-pruefer-fuer-qualitaetskontrolle-57a-wpo-bewertungen.html\" target=\"_blank\" rel=\"noopener noreferrer\">Mehr Bewertungen<\/a><\/h3>\n<p><\/p>","protected":false},"excerpt":{"rendered":"<p>Sorry, this entry is only available in Deutsch. For the sake of viewer convenience, the content is shown below in the alternative language. You may click the link to switch &#8230;<\/p>\n","protected":false},"author":1,"featured_media":0,"parent":70,"menu_order":0,"comment_status":"closed","ping_status":"closed","template":"","meta":{"footnotes":""},"class_list":["post-398","page","type-page","status-publish","hentry"],"aioseo_notices":[],"_links":{"self":[{"href":"https:\/\/kanzlei-fahn.de\/en\/wp-json\/wp\/v2\/pages\/398","targetHints":{"allow":["GET"]}}],"collection":[{"href":"https:\/\/kanzlei-fahn.de\/en\/wp-json\/wp\/v2\/pages"}],"about":[{"href":"https:\/\/kanzlei-fahn.de\/en\/wp-json\/wp\/v2\/types\/page"}],"author":[{"embeddable":true,"href":"https:\/\/kanzlei-fahn.de\/en\/wp-json\/wp\/v2\/users\/1"}],"replies":[{"embeddable":true,"href":"https:\/\/kanzlei-fahn.de\/en\/wp-json\/wp\/v2\/comments?post=398"}],"version-history":[{"count":29,"href":"https:\/\/kanzlei-fahn.de\/en\/wp-json\/wp\/v2\/pages\/398\/revisions"}],"predecessor-version":[{"id":11862,"href":"https:\/\/kanzlei-fahn.de\/en\/wp-json\/wp\/v2\/pages\/398\/revisions\/11862"}],"up":[{"embeddable":true,"href":"https:\/\/kanzlei-fahn.de\/en\/wp-json\/wp\/v2\/pages\/70"}],"wp:attachment":[{"href":"https:\/\/kanzlei-fahn.de\/en\/wp-json\/wp\/v2\/media?parent=398"}],"curies":[{"name":"wp","href":"https:\/\/api.w.org\/{rel}","templated":true}]}}