{"id":73,"date":"2021-10-06T08:20:07","date_gmt":"2021-10-06T06:20:07","guid":{"rendered":"http:\/\/88.217.240.170\/?page_id=73"},"modified":"2024-02-12T13:15:18","modified_gmt":"2024-02-12T12:15:18","slug":"kontakt","status":"publish","type":"page","link":"https:\/\/kanzlei-fahn.de\/en\/kontakt\/","title":{"rendered":"Contact"},"content":{"rendered":"<p>FAHN &amp; Partner Wirtschaftspr\u00fcfer Steuerberater M\u00fcnchen mbB<br \/>\nTax consultant, Auditor, Chartered Accountant,<\/p>\n<p>Ridlerstra\u00dfe 33 \/ III<br \/>\nD-80339 Munich<br \/>\nPhone:\u00a0 <a href=\"tel:00498959976793\">+49 89 59976793<\/a><br \/>\nFax: +49 89 599767955<br \/>\nE-Mail: <a class=\"mail\" href=\"mailto:kanzlei@kanzlei-fahn.de\">kanzlei@kanzlei-fahn.de<\/a><\/p>\n<p><u>Opening hours<\/u>:<br \/>\nMonday to Thursday from 8:30 a.m. to 12 p.m. and from 1 p.m. to 6 p.m.<br \/>\nFriday from 8:30 a.m. to 12 p.m. and from 1 p.m. to 2 p.m.<br \/>\nas well as by appointment<\/p>","protected":false},"excerpt":{"rendered":"<p>FAHN &amp; Partner Wirtschaftspr\u00fcfer Steuerberater M\u00fcnchen mbB Tax consultant, Auditor, Chartered Accountant, Ridlerstra\u00dfe 33 \/ III D-80339 Munich Phone:\u00a0 +49 89 59976793 Fax: +49 89 599767955 E-Mail: kanzlei@kanzlei-fahn.de Opening hours: &#8230;<\/p>\n","protected":false},"author":1,"featured_media":0,"parent":0,"menu_order":0,"comment_status":"closed","ping_status":"closed","template":"","meta":{"footnotes":""},"class_list":["post-73","page","type-page","status-publish","hentry"],"aioseo_notices":[],"_links":{"self":[{"href":"https:\/\/kanzlei-fahn.de\/en\/wp-json\/wp\/v2\/pages\/73","targetHints":{"allow":["GET"]}}],"collection":[{"href":"https:\/\/kanzlei-fahn.de\/en\/wp-json\/wp\/v2\/pages"}],"about":[{"href":"https:\/\/kanzlei-fahn.de\/en\/wp-json\/wp\/v2\/types\/page"}],"author":[{"embeddable":true,"href":"https:\/\/kanzlei-fahn.de\/en\/wp-json\/wp\/v2\/users\/1"}],"replies":[{"embeddable":true,"href":"https:\/\/kanzlei-fahn.de\/en\/wp-json\/wp\/v2\/comments?post=73"}],"version-history":[{"count":19,"href":"https:\/\/kanzlei-fahn.de\/en\/wp-json\/wp\/v2\/pages\/73\/revisions"}],"predecessor-version":[{"id":11261,"href":"https:\/\/kanzlei-fahn.de\/en\/wp-json\/wp\/v2\/pages\/73\/revisions\/11261"}],"wp:attachment":[{"href":"https:\/\/kanzlei-fahn.de\/en\/wp-json\/wp\/v2\/media?parent=73"}],"curies":[{"name":"wp","href":"https:\/\/api.w.org\/{rel}","templated":true}]}}