{"id":79,"date":"2023-08-02T11:43:16","date_gmt":"2023-08-02T09:43:16","guid":{"rendered":"http:\/\/88.217.240.170\/?page_id=79"},"modified":"2023-08-02T11:43:17","modified_gmt":"2023-08-02T09:43:17","slug":"english-links","status":"publish","type":"page","link":"https:\/\/kanzlei-fahn.de\/en\/service\/english-links\/","title":{"rendered":"Links"},"content":{"rendered":"<p><\/p>\n<h1>Institutes<\/h1>\n<ul>\n<li><a href=\"https:\/\/www.bstbk.de\/de\/\" target=\"_blank\" rel=\"noopener\">Bundessteuerberaterkammer (BStBK)<\/a><\/li>\n<li><a href=\"https:\/\/www.dstv.de\/\" target=\"_blank\" rel=\"noopener\">Deutscher Steuerberaterverband e.V. (DStV)<\/a><\/li>\n<li><a href=\"https:\/\/www.steuerberaterkammer-muenchen.de\/index_ger.html\" target=\"_blank\" rel=\"noopener\">Steuerberaterkammer M\u00fcnchen<\/a><\/li>\n<li><a href=\"https:\/\/www.stbk-nuernberg.de\/\" target=\"_blank\" rel=\"noopener\">Steuerberaterkammer N\u00fcrnberg<\/a><\/li>\n<li><a href=\"https:\/\/www.steuerzahler.de\/\" target=\"_blank\" rel=\"noopener\">Bund der Steuerzahler (BdSt)<\/a><\/li>\n<li><a href=\"https:\/\/www.wpk.de\/\" target=\"_blank\" rel=\"noopener\">Wirtschaftspr\u00fcferkammer Kd\u00f6R<\/a><\/li>\n<li><a href=\"https:\/\/www.idw.de\/idw\/\" target=\"_blank\" rel=\"noopener\">Institut der Wirtschaftspr\u00fcfer in Deutschland e.V. (IDW)<\/a><\/li>\n<li><a href=\"https:\/\/www.diw.de\/deutsch\" target=\"_blank\" rel=\"noopener\">Deutsches Institut f\u00fcr Wirtschaftsforschung e.V. (DIW Berlin)<\/a><\/li>\n<li><a href=\"https:\/\/www.destatis.de\/DE\/Home\/_inhalt.html\" target=\"_blank\" rel=\"noopener\">Statistisches Bundesamt<\/a><\/li>\n<li><a href=\"https:\/\/www.ahk.de\/\" target=\"_blank\" rel=\"noopener\">Deutsche Auslandshandelskammer (AHK)<\/a><\/li>\n<li><a href=\"https:\/\/www.ihk.de\/\" target=\"_blank\" rel=\"noopener\">Deutsche Industrie- und Handelskammer (IHK)<\/a><\/li>\n<li><a href=\"https:\/\/www.datev.de\" target=\"_blank\" rel=\"noopener\">DATEV e.G. (Datenverarbeitungsorganisation)<\/a><\/li>\n<li><a href=\"https:\/\/www.drsc.de\/\" target=\"_blank\" rel=\"noopener\">Deutschen Rechnungslegungs Standards Committee.e.V.<\/a><\/li>\n<li><a href=\"https:\/\/www.iwkoeln.de\/\" target=\"_blank\" rel=\"noopener\">Institut der deutschen Wirtschaft K\u00f6ln e.V. (IW)<\/a><\/li>\n<\/ul>\n<h1>German authorities<\/h1>\n<ul>\n<li><a href=\"https:\/\/www.arbeitsagentur.de\/\" target=\"_blank\" rel=\"noopener\">Bundesagentur f\u00fcr Arbeit<\/a><\/li>\n<li><a href=\"https:\/\/www.bzst.de\/DE\/Home\/home_node.html\" target=\"_blank\" rel=\"noopener\">Bundeszentralamt f\u00fcr Steuern (BZSt)<\/a><\/li>\n<li><a href=\"https:\/\/www.bundesfinanzministerium.de\/Web\/DE\/Home\/home.html\" target=\"_blank\" rel=\"noopener\">Bundesministerium f\u00fcr Finanzen (BMF)<\/a><\/li>\n<li><a href=\"https:\/\/www.bmj.de\/DE\/Startseite\/Startseite_node.html\" target=\"_blank\" rel=\"noopener\">Bundesministerium der Justiz (BMJ)<\/a><\/li>\n<li><a href=\"https:\/\/www.bmi.bund.de\/DE\/startseite\/startseite-node.html\" target=\"_blank\" rel=\"noopener\">Bundesministerium des Innern und f\u00fcr Heimat (BMI)<\/a><\/li>\n<li><a href=\"https:\/\/www.bmas.de\/DE\/Startseite\/start.html\" target=\"_blank\" rel=\"noopener\">Bundesministerium f\u00fcr Arbeit und Soziales (BMAS)<\/a><\/li>\n<li><a href=\"https:\/\/www.bmbf.de\/bmbf\/de\/home\/home_node.html\" target=\"_blank\" rel=\"noopener\">Bundesministerium f\u00fcr Bildung und Forschung (BMBF)<\/a><\/li>\n<li><a href=\"https:\/\/www.bmel.de\/DE\/Home\/home_node.html\" target=\"_blank\" rel=\"noopener\">Bundesministerium f\u00fcr Ern\u00e4hrung und Landwirtschaft (BMEL)<\/a><\/li>\n<li><a href=\"https:\/\/www.bmfsfj.de\/\" target=\"_blank\" rel=\"noopener\">Bundesministerium f\u00fcr Familie, Senioren, Frauen und Jugend (BMFSFJ)<\/a><\/li>\n<li><a href=\"https:\/\/www.bundesgesundheitsministerium.de\/\" target=\"_blank\" rel=\"noopener\">Bundesministerium f\u00fcr Gesundheit (BMG)<\/a><\/li>\n<li><a href=\"https:\/\/www.bmuv.de\/\" target=\"_blank\" rel=\"noopener\">Bundesministerium f\u00fcr Umwelt, Naturschutz, nukleare Sicherheit und Verbraucherschutz (BMUV)<\/a><\/li>\n<li><a href=\"https:\/\/bmdv.bund.de\/DE\/Home\/home.html\" target=\"_blank\" rel=\"noopener\">Bundesministerium f\u00fcr Digitales und Verkehr (BMDV)<\/a><\/li>\n<li><a href=\"https:\/\/www.bmwsb.bund.de\/Webs\/BMWSB\/DE\/startseite\/startseite-node.html\" target=\"_blank\" rel=\"noopener\">Bundesministerium f\u00fcr Wohnen, Stadtentwicklung und Bauwesen (BMWSB)<\/a><\/li>\n<li><a href=\"https:\/\/www.bmwk.de\/Navigation\/DE\/Home\/home.html\" target=\"_blank\" rel=\"noopener\">Bundesministerium f\u00fcr Wirtschaft und Klimaschutz (BMWK)<\/a><\/li>\n<li><a href=\"https:\/\/www.bmz.de\/de\" target=\"_blank\" rel=\"noopener\">Bundesministerium f\u00fcr wirtschaftliche Zusammenarbeit und Entwicklung (BMZ)<\/a><\/li>\n<li><a href=\"https:\/\/www.bundesregierung.de\/breg-de\" target=\"_blank\" rel=\"noopener\">Bundesregierung<\/a><\/li>\n<li><a href=\"https:\/\/www.bundesrat.de\/DE\/homepage\/homepage-node.html\" target=\"_blank\" rel=\"noopener\">Bundesrat<\/a><\/li>\n<li><a href=\"https:\/\/www.bundestag.de\/\" target=\"_blank\" rel=\"noopener\">Deutscher Bundestag<\/a><\/li>\n<li><a href=\"https:\/\/www.bayern.de\/\" target=\"_blank\" rel=\"noopener\">Bayerische Staatsregierung<\/a><\/li>\n<li><a href=\"https:\/\/www.lfst.bayern.de\/\" target=\"_blank\" rel=\"noopener\">Bayerisches Landesamt f\u00fcr Steuern<\/a><\/li>\n<li><a href=\"https:\/\/www.stmfh.bayern.de\/\" target=\"_blank\" rel=\"noopener\">Bayerisches Staatsministerium der Finanzen und f\u00fcr Heimat<\/a><\/li>\n<li><a href=\"https:\/\/www.justiz.bayern.de\/index.php\" target=\"_blank\" rel=\"noopener\">Bayerisches Staatsministerium der Justiz<\/a><\/li>\n<li><a href=\"https:\/\/www.bayern.landtag.de\/index\/\" target=\"_blank\" rel=\"noopener\">Bayerischer Landtag<\/a><\/li>\n<li><a href=\"https:\/\/www.finanzamt.bayern.de\/default.php?r=Oberbayern#reg\" target=\"_blank\" rel=\"noopener\">Bayerische Finanz\u00e4mter und Finanzamtsau\u00dfenstellen<\/a><\/li>\n<li><a href=\"https:\/\/www.muenchen.de\/\" target=\"_blank\" rel=\"noopener\">Das offizielle Stadtportal f\u00fcr die Landeshauptstadt M\u00fcnchen<\/a><\/li>\n<li><a href=\"https:\/\/www.landkreis-muenchen.de\/\" target=\"_blank\" rel=\"noopener\">Landratsamt M\u00fcnchen<\/a><\/li>\n<\/ul>\n<h1>Tax offices and branch offices in Upper Bavaria<\/h1>\n<ul>\n<li><a href=\"https:\/\/www.finanzamt.bayern.de\/Muenchen\/\" target=\"_blank\" rel=\"noopener\">M\u00fcnchen<\/a><\/li>\n<li><a href=\"https:\/\/www.finanzamt.bayern.de\/Wolfratshausen-Bad-Toelz\/\" target=\"_blank\" rel=\"noopener\">Bad T\u00f6lz (Au\u00dfenstelle)<\/a><\/li>\n<li><a href=\"https:\/\/www.finanzamt.bayern.de\/Berchtesgaden-Laufen\/default.php\" target=\"_blank\" rel=\"noopener\">Berchtesgaden-Laufen<\/a><\/li>\n<li><a href=\"https:\/\/www.finanzamt.bayern.de\/Burghausen\/\" target=\"_blank\" rel=\"noopener\">Burghausen<\/a><\/li>\n<li><a href=\"https:\/\/www.finanzamt.bayern.de\/Dachau\/\" target=\"_blank\" rel=\"noopener\">Dachau<\/a><\/li>\n<li><a href=\"https:\/\/www.finanzamt.bayern.de\/Ebersberg\/\" target=\"_blank\" rel=\"noopener\">Ebersberg<\/a><\/li>\n<li><a href=\"https:\/\/www.finanzamt.bayern.de\/Eichstaett\/\" target=\"_blank\" rel=\"noopener\">Eichst\u00e4tt<\/a><\/li>\n<li><a href=\"https:\/\/www.finanzamt.bayern.de\/Erding\/\" target=\"_blank\" rel=\"noopener\">Erding<\/a><\/li>\n<li><a href=\"https:\/\/www.finanzamt.bayern.de\/Freising\/\" target=\"_blank\" rel=\"noopener\">Freising<\/a><\/li>\n<li><a href=\"https:\/\/www.finanzamt.bayern.de\/Fuerstenfeldbruck\/\" target=\"_blank\" rel=\"noopener\">F\u00fcrstenfeldbruck<\/a><\/li>\n<li><a href=\"https:\/\/www.finanzamt.bayern.de\/Garmisch-Partenkirchen\/\" target=\"_blank\" rel=\"noopener\">Garmisch-Partenkirchen<\/a><\/li>\n<li><a href=\"https:\/\/www.finanzamt.bayern.de\/Ingolstadt\/\" target=\"_blank\" rel=\"noopener\">Ingolstadt<\/a><\/li>\n<li><a href=\"https:\/\/www.finanzamt.bayern.de\/Landsberg\/\" target=\"_blank\" rel=\"noopener\">Landsberg<\/a><\/li>\n<li><a href=\"https:\/\/www.finanzamt.bayern.de\/Berchtesgaden-Laufen\/default.php\" target=\"_blank\" rel=\"noopener\">Laufen (Au\u00dfenstelle)<\/a><\/li>\n<li><a href=\"https:\/\/www.finanzamt.bayern.de\/Miesbach\/\" target=\"_blank\" rel=\"noopener\">Miesbach<\/a><\/li>\n<li><a href=\"https:\/\/www.finanzamt.bayern.de\/Muehldorf\/\" target=\"_blank\" rel=\"noopener\">M\u00fchldorf<\/a><\/li>\n<li><a href=\"https:\/\/www.finanzamt.bayern.de\/Schrobenhausen\/\" target=\"_blank\" rel=\"noopener\">Neuburg a. d. Donau (Au\u00dfenstelle)<\/a><\/li>\n<li><a href=\"https:\/\/www.finanzamt.bayern.de\/Pfaffenhofen\/\" target=\"_blank\" rel=\"noopener\">Pfaffenhofen<\/a><\/li>\n<li><a href=\"https:\/\/www.finanzamt.bayern.de\/Rosenheim\/\" target=\"_blank\" rel=\"noopener\">Rosenheim<\/a><\/li>\n<li><a href=\"https:\/\/www.finanzamt.bayern.de\/Weilheim-Schongau\/\" target=\"_blank\" rel=\"noopener\">Schongau (Au\u00dfenstelle)<\/a><\/li>\n<li><a href=\"https:\/\/www.finanzamt.bayern.de\/Schrobenhausen\/\" target=\"_blank\" rel=\"noopener\">Schrobenhausen<\/a><\/li>\n<li><a href=\"https:\/\/www.finanzamt.bayern.de\/Starnberg\/\" target=\"_blank\" rel=\"noopener\">Starnberg<\/a><\/li>\n<li><a href=\"https:\/\/www.finanzamt.bayern.de\/Traunstein\/\" target=\"_blank\" rel=\"noopener\">Traunstein<\/a><\/li>\n<li><a href=\"https:\/\/www.finanzamt.bayern.de\/Rosenheim\/\" target=\"_blank\" rel=\"noopener\">Wasserburg (Au\u00dfenstelle)<\/a><\/li>\n<li><a href=\"https:\/\/www.finanzamt.bayern.de\/Weilheim-Schongau\/\" target=\"_blank\" rel=\"noopener\">Weilheim-Schongau<\/a><\/li>\n<li><a href=\"https:\/\/www.finanzamt.bayern.de\/Wolfratshausen-Bad-Toelz\/\" target=\"_blank\" rel=\"noopener\">Wolfratshausen-Bad T\u00f6lz<\/a><\/li>\n<\/ul>\n<h1>Courts<\/h1>\n<ul>\n<li><a href=\"https:\/\/www.bundesarbeitsgericht.de\/\" target=\"_blank\" rel=\"noopener\">Bundesarbeitsgericht<\/a><\/li>\n<li><a href=\"https:\/\/www.bundesfinanzhof.de\/de\/\" target=\"_blank\" rel=\"noopener\">Bundesfinanzhof (BFH)<\/a><\/li>\n<li><a href=\"https:\/\/www.bundesgerichtshof.de\/DE\/Home\/home_node.html\" target=\"_blank\" rel=\"noopener\">Bundesgerichtshof<\/a><\/li>\n<li><a href=\"https:\/\/www.bsg.bund.de\/DE\/Home\/home_node.html\" target=\"_blank\" rel=\"noopener\">Bundessozialgericht<\/a><\/li>\n<li><a href=\"https:\/\/www.bundesverfassungsgericht.de\/DE\/Homepage\/homepage_node.html\" target=\"_blank\" rel=\"noopener\">Bundesverfassungsgericht<\/a><\/li>\n<li><a href=\"https:\/\/www.bverwg.de\/\" target=\"_blank\" rel=\"noopener\">Bundesverwaltungsgericht<\/a><\/li>\n<li><a href=\"https:\/\/www.justiz.bayern.de\/gerichte-und-behoerden\/oberlandesgerichte\/muenchen\/\" target=\"_blank\" rel=\"noopener\">Oberlandesgericht M\u00fcnchen<\/a><\/li>\n<li><a href=\"https:\/\/www.justiz.bayern.de\/gerichte-und-behoerden\/oberlandesgerichte\/nuernberg\/\" target=\"_blank\" rel=\"noopener\">Oberlandesgericht N\u00fcrnberg<\/a><\/li>\n<li><a href=\"https:\/\/curia.europa.eu\/jcms\/jcms\/j_6\/de\/\" target=\"_blank\" rel=\"noopener\">Gerichtshof der Europ\u00e4ischen Union<\/a><\/li>\n<\/ul>\n<h1>General information<\/h1>\n<ul>\n<li><a href=\"https:\/\/www.bundesfinanzministerium.de\/Web\/DE\/Service\/Publikationen\/BFH_Entscheidungen\/bfh_entscheidungen.html\" target=\"_blank\" rel=\"noopener\">BFH-Entscheidungen, neue Ver\u00f6ffentlichungen<\/a><\/li>\n<li><a href=\"https:\/\/e-justice.europa.eu\/508\/DE\/family_matters_amp_inheritance\" target=\"_blank\" rel=\"noopener\">Familien- und Erbrecht \u2013 Rechtliche Informationen \u00fcber familienrechtliche Angelegenheiten mit grenz\u00fcberschreitenden Aspekten in der EU<\/a><\/li>\n<li><a href=\"https:\/\/e-justice.europa.eu\/content_succession-166-de.do\" target=\"_blank\" rel=\"noopener\">Erbschaften \u2013 Informationen \u00fcber die Verordnung (EU) Nr. 650\/2012 \u00fcber Erbsachen und die einschl\u00e4gigen nationalen Vorschriften \u00fcber Erbschaften<\/a><\/li>\n<li><a href=\"https:\/\/www.bundesanzeiger.de\/pub\/de\/start?0\" target=\"_blank\" rel=\"noopener\">Bundesanzeiger<\/a><\/li>\n<li><a href=\"https:\/\/www.transparenzregister.de\/treg\/de\/start?4\" target=\"_blank\" rel=\"noopener\">Transparenzregister<\/a><\/li>\n<li><a href=\"https:\/\/www.unternehmensregister.de\/ureg\/\" target=\"_blank\" rel=\"noopener\">Unternehmensregister<\/a><\/li>\n<li><a href=\"https:\/\/www.bundesanzeiger-verlag.de\/\" target=\"_blank\" rel=\"noopener\">Bundesanzeiger Verlag<\/a><\/li>\n<li><a href=\"https:\/\/ifb.uni-erlangen.de\/\" target=\"_blank\" rel=\"noopener\">Institut f\u00fcr Freie Berufe an der Friedrich-Alexander-Universit\u00e4t Erlangen-N\u00fcrnberg<\/a><\/li>\n<li><a href=\"https:\/\/www.invest-in-bavaria.com\/\" target=\"_blank\" rel=\"noopener\">Invest in Bavaria \u2013 Die Ansiedlungsagentur des Freistaats Bayern (Sprache: Deutsch)<\/a><\/li>\n<li><a href=\"https:\/\/www.invest-in-bavaria.com\/ja\/\" target=\"_blank\" rel=\"noopener\">Invest in Bavaria \u2013 Die Ansiedlungsagentur des Freistaats Bayern (Sprache: Japanisch)<\/a><\/li>\n<li><a href=\"https:\/\/www.gtai.de\/de\/trade\" target=\"_blank\" rel=\"noopener\">Germany Trade and Invest \u2013 Gesellschaft f\u00fcr Au\u00dfenwirtschaft und Standortmarketing mbH<\/a><\/li>\n<li><a href=\"https:\/\/www.jetro.go.jp\/\" target=\"_blank\" rel=\"noopener\">Japanische Au\u00dfenhandelsorganisation (JETRO)<\/a><\/li>\n<li><a href=\"http:\/\/www.kotra.or.kr\/\" target=\"_blank\" rel=\"noopener\">Korea Trade-Investment Promotion Agency (KOTRA)<\/a><\/li>\n<li><a href=\"https:\/\/kotra-frankfurt.de\/\" target=\"_blank\" rel=\"noopener\">KOTRA Frankfurt \u2013 Korea Trade-Investment Promotion Agency<\/a><\/li>\n<\/ul>\n<p><\/p>","protected":false},"excerpt":{"rendered":"<p>Institutes Bundessteuerberaterkammer (BStBK) Deutscher Steuerberaterverband e.V. (DStV) Steuerberaterkammer M\u00fcnchen Steuerberaterkammer N\u00fcrnberg Bund der Steuerzahler (BdSt) Wirtschaftspr\u00fcferkammer Kd\u00f6R Institut der Wirtschaftspr\u00fcfer in Deutschland e.V. (IDW) Deutsches Institut f\u00fcr Wirtschaftsforschung e.V. (DIW &#8230;<\/p>\n","protected":false},"author":1,"featured_media":0,"parent":70,"menu_order":0,"comment_status":"closed","ping_status":"closed","template":"","meta":{"footnotes":""},"class_list":["post-79","page","type-page","status-publish","hentry"],"aioseo_notices":[],"_links":{"self":[{"href":"https:\/\/kanzlei-fahn.de\/en\/wp-json\/wp\/v2\/pages\/79","targetHints":{"allow":["GET"]}}],"collection":[{"href":"https:\/\/kanzlei-fahn.de\/en\/wp-json\/wp\/v2\/pages"}],"about":[{"href":"https:\/\/kanzlei-fahn.de\/en\/wp-json\/wp\/v2\/types\/page"}],"author":[{"embeddable":true,"href":"https:\/\/kanzlei-fahn.de\/en\/wp-json\/wp\/v2\/users\/1"}],"replies":[{"embeddable":true,"href":"https:\/\/kanzlei-fahn.de\/en\/wp-json\/wp\/v2\/comments?post=79"}],"version-history":[{"count":43,"href":"https:\/\/kanzlei-fahn.de\/en\/wp-json\/wp\/v2\/pages\/79\/revisions"}],"predecessor-version":[{"id":10504,"href":"https:\/\/kanzlei-fahn.de\/en\/wp-json\/wp\/v2\/pages\/79\/revisions\/10504"}],"up":[{"embeddable":true,"href":"https:\/\/kanzlei-fahn.de\/en\/wp-json\/wp\/v2\/pages\/70"}],"wp:attachment":[{"href":"https:\/\/kanzlei-fahn.de\/en\/wp-json\/wp\/v2\/media?parent=79"}],"curies":[{"name":"wp","href":"https:\/\/api.w.org\/{rel}","templated":true}]}}