{"id":84,"date":"2022-01-10T11:35:13","date_gmt":"2022-01-10T10:35:13","guid":{"rendered":"http:\/\/88.217.240.170\/?page_id=84"},"modified":"2025-02-07T13:09:20","modified_gmt":"2025-02-07T12:09:20","slug":"jobs","status":"publish","type":"page","link":"https:\/\/kanzlei-fahn.de\/en\/jobs\/","title":{"rendered":"Jobs"},"content":{"rendered":"<p class=\"qtranxs-available-languages-message qtranxs-available-languages-message-en\">Sorry, this entry is only available in <a href=\"https:\/\/kanzlei-fahn.de\/de\/wp-json\/wp\/v2\/pages\/84\" class=\"qtranxs-available-language-link qtranxs-available-language-link-de\" title=\"Deutsch\">Deutsch<\/a>. For the sake of viewer convenience, the content is shown below in the alternative language. You may click the link to switch the active language.<\/p><p><img loading=\"lazy\" decoding=\"async\" class=\"alignright size-medium wp-image-11861\" src=\"https:\/\/kanzlei-fahn.de\/wp-content\/uploads\/ExzAG2025_Siegel_RGB_Bay-164x300.png\" alt=\"Exzellenter Arbeitgeber 2025\" width=\"164\" height=\"300\" srcset=\"https:\/\/kanzlei-fahn.de\/wp-content\/uploads\/ExzAG2025_Siegel_RGB_Bay-164x300.png 164w, https:\/\/kanzlei-fahn.de\/wp-content\/uploads\/ExzAG2025_Siegel_RGB_Bay-559x1024.png 559w, https:\/\/kanzlei-fahn.de\/wp-content\/uploads\/ExzAG2025_Siegel_RGB_Bay-55x100.png 55w, https:\/\/kanzlei-fahn.de\/wp-content\/uploads\/ExzAG2025_Siegel_RGB_Bay-768x1407.png 768w, https:\/\/kanzlei-fahn.de\/wp-content\/uploads\/ExzAG2025_Siegel_RGB_Bay-839x1536.png 839w, https:\/\/kanzlei-fahn.de\/wp-content\/uploads\/ExzAG2025_Siegel_RGB_Bay-1118x2048.png 1118w, https:\/\/kanzlei-fahn.de\/wp-content\/uploads\/ExzAG2025_Siegel_RGB_Bay.png 1365w\" sizes=\"auto, (max-width: 164px) 100vw, 164px\" \/>Wir sind eine moderne, inhabergef\u00fchrte Kanzlei (Wirtschaftspr\u00fcfer und Steuerberater) in M\u00fcnchen und betreuen nationale und internationale Mandantschaft aus verschiedenen Branchen, Unternehmen aller Art sowie auch Privatpersonen.<\/p>\n<p><strong>Zur Verst\u00e4rkung unseres Teams suchen wir zum n\u00e4chstm\u00f6glichen Zeitpunkt einen verantwortungsbewussten und gewissenhaften Kollegen (m\/w\/d)!<\/strong><\/p>\n<p>&nbsp;<\/p>\n<p>&nbsp;<\/p>\n<table style=\"width: 100%; border-size: 1px;\">\n<tbody>\n<tr>\n<td width=\"5%\"><\/td>\n<td class=\"blue\" width=\"95%\">\u00a0\u00a0\u00a0<strong>\u00a0T\u00e4tigkeitsspektrum<\/strong><\/td>\n<\/tr>\n<tr>\n<td class=\"blue\" width=\"5%\"><strong>\u00a0Steuerberater<\/strong><br \/>\n<strong>\u00a0(m\/w\/d)<\/strong><\/td>\n<td width=\"95%\">\n<ul>\n<li>Direkter Ansprechpartner f\u00fcr Mandanten<\/li>\n<li>Erstellung von Jahresabschl\u00fcssen<\/li>\n<li>Bearbeitung von Steuererkl\u00e4rungen f\u00fcr Mandanten unterschiedlicher Rechtsformen und Branchen sowie privater Steuererkl\u00e4rungen<\/li>\n<li>Entlastung der Kanzleiinhaber bei Beratungsaufgaben<\/li>\n<li>Mitarbeit in der Wirtschaftspr\u00fcfung<\/li>\n<\/ul>\n<\/td>\n<\/tr>\n<tr>\n<td class=\"blue\" width=\"5%\"><strong>\u00a0Wirtschaftspr\u00fcfer<\/strong><br \/>\n<strong>\u00a0(m\/w\/d)<\/strong><\/td>\n<td width=\"95%\">\n<ul>\n<li>Eigene verantwortliche Wirtschaftspr\u00fcfungst\u00e4tigkeit<\/li>\n<li>Entlastung der Kanzleiinhaber bei Beratungsaufgaben<\/li>\n<li>Direkter Ansprechpartner f\u00fcr Mandanten<\/li>\n<li>Erstellung von Jahresabschl\u00fcssen<\/li>\n<li>Bearbeitung von Steuererkl\u00e4rungen f\u00fcr Mandanten unterschiedlicher Rechtsformen und Branchen<\/li>\n<\/ul>\n<\/td>\n<\/tr>\n<tr>\n<td class=\"blue\" width=\"5%\"><strong>\u00a0Steuerfachwirt \/<\/strong><br \/>\n<strong>\u00a0Steuerfachangestellte\u00a0\u00a0<\/strong><br \/>\n<strong>\u00a0(mit Erfahrung)<\/strong><br \/>\n<strong>\u00a0(m\/w\/d)<\/strong><\/td>\n<td width=\"95%\">\n<ul>\n<li>Direkter Ansprechpartner f\u00fcr Mandanten<\/li>\n<li>Bearbeitung von Jahresabschl\u00fcssen und Gewinnermittlungen<\/li>\n<li>Erstellung von Steuererkl\u00e4rungen f\u00fcr Mandanten unterschiedlicher Rechtsformen und Branchen sowie privater Steuererkl\u00e4rungen<\/li>\n<li>Pr\u00fcfung von Steuerbescheiden<\/li>\n<li>Durchf\u00fchrung von betrieblichen Lohn- und Gehaltsabrechnungen sowie Finanzbuchhaltungen<\/li>\n<li>Kommunikation mit Mandanten, \u00c4mtern und Beh\u00f6rden<\/li>\n<\/ul>\n<\/td>\n<\/tr>\n<tr>\n<td class=\"blue\" width=\"5%\"><strong>\u00a0Bilanzbuchhalter<\/strong><br \/>\n<strong>\u00a0(mit Erfahrung)<\/strong><br \/>\n<strong>\u00a0(m\/w\/d)<\/strong><\/td>\n<td width=\"95%\">\n<ul>\n<li>Direkter Ansprechpartner f\u00fcr Mandanten<\/li>\n<li>Bearbeitung von Jahresabschl\u00fcssen und Gewinnermittlungen<\/li>\n<li>Vorbereitung von Steuererkl\u00e4rungen f\u00fcr Mandanten unterschiedlicher Rechtsformen und Branchen<\/li>\n<li>Erstellung von betrieblichen Lohn- und Gehaltsabrechnungen sowie Finanzbuchhaltungen<\/li>\n<li>Kommunikation mit Mandanten, \u00c4mtern und Beh\u00f6rden<\/li>\n<\/ul>\n<\/td>\n<\/tr>\n<tr>\n<td class=\"blue\" width=\"5%\"><strong>\u00a0Pr\u00fcfungsassistent<\/strong><br \/>\n<strong>\u00a0(m\/w\/d)<\/strong><\/td>\n<td width=\"95%\">\n<ul>\n<li>Unterst\u00fctzung bei Wirtschaftspr\u00fcfung sowie Jahresabschl\u00fcssen<\/li>\n<li>Erstellung von Steuererkl\u00e4rungen f\u00fcr Mandanten unterschiedlicher Rechtsformen und Branchen sowie privater Steuererkl\u00e4rungen<\/li>\n<li>Kommunikation mit Mandanten<\/li>\n<\/ul>\n<\/td>\n<\/tr>\n<\/tbody>\n<\/table>\n<p><span style=\"color: #3366ff;\"><strong><br \/>\nGew\u00fcnschte Voraussetzungen<br \/>\n<\/strong><\/span><\/p>\n<ul>\n<li>Ideal w\u00e4ren mindestens zwei Jahre Berufserfahrung im Kanzleibetrieb<\/li>\n<li>Spa\u00df an der Steuerberatung und teilweise auch Wirtschaftspr\u00fcfung<\/li>\n<li>Solide Steuerkenntnisse<\/li>\n<li>Umgang mit DATEV und MS-Office Programmen ist f\u00fcr Sie eine Selbstverst\u00e4ndlichkeit<\/li>\n<li>Interesse an der Einarbeitung in neue Arbeitsbereiche<\/li>\n<\/ul>\n<p><span style=\"color: #3366ff;\"><strong>Arbeitsumfeld<\/strong><\/span><\/p>\n<ul>\n<li>Abwechslungsreiche und anspruchsvolle Aufgaben<\/li>\n<li>Arbeiten im Team mit flachen Hierarchien in einer kollegialen und wertsch\u00e4tzenden\u202fArbeitsatmosph\u00e4re<\/li>\n<li>Moderne Arbeitspl\u00e4tze mit drei Bildschirmen<\/li>\n<li>Digitale Dokumentenablage mit DATEV DMS<\/li>\n<li>Flexible Arbeitszeitgestaltung<\/li>\n<li>Work-Life-Balance: Vollzeit oder Teilzeit.<br \/>\n\u00dcberstunden werden verg\u00fctet oder mit Freizeit ausgeglichen<\/li>\n<li>Kostenfreie Kalt- und Warmgetr\u00e4nke sowie Kekse und Obst in der Kanzlei<\/li>\n<li>Jobticket<\/li>\n<li>Gro\u00dfes Fortbildungsangebot<\/li>\n<li>Bei Umzug nach M\u00fcnchen sind wir Ihnen bei der Wohnungssuche behilflich<\/li>\n<\/ul>\n<p><span style=\"color: #3366ff;\"><strong>Haben wir Ihr Interesse geweckt?<br \/>\n<\/strong><\/span>Bitte senden Sie Ihre Bewerbung (Anschreiben, Lebenslauf, Zeugnisse, Angabe Ihres m\u00f6glichen Eintrittstermins und Ihrer Gehaltsvorstellungen) an diese E-Mail-Adresse mit Stichwort \u201eBewerbung\u201c: <a href=\"mailto:robert.fahn@kanzlei-fahn.de\">robert.fahn@kanzlei-fahn.de<\/a><br \/>\nIhr Ansprechpartner ist <strong>Herr Robert Fahn, Wirtschaftspr\u00fcfer Steuerberater, Partner<\/strong><\/p>\n<p><span style=\"color: #3366ff;\"><strong>Kontakt<\/strong><\/span><br \/>\nFAHN &amp; Partner Wirtschaftspr\u00fcfer Steuerberater M\u00fcnchen mbB<br \/>\nRidlerstra\u00dfe 33<br \/>\n80339 M\u00fcnchen<br \/>\nTel: +49 89 59976793<br \/>\n<a href=\"https:\/\/www.kanzlei-fahn.de\/\">www.kanzlei-fahn.de<\/a><\/p>","protected":false},"excerpt":{"rendered":"<p>Sorry, this entry is only available in Deutsch. For the sake of viewer convenience, the content is shown below in the alternative language. You may click the link to switch &#8230;<\/p>\n","protected":false},"author":1,"featured_media":0,"parent":0,"menu_order":0,"comment_status":"closed","ping_status":"closed","template":"template-fullwidth.php","meta":{"footnotes":""},"class_list":["post-84","page","type-page","status-publish","hentry"],"aioseo_notices":[],"_links":{"self":[{"href":"https:\/\/kanzlei-fahn.de\/en\/wp-json\/wp\/v2\/pages\/84","targetHints":{"allow":["GET"]}}],"collection":[{"href":"https:\/\/kanzlei-fahn.de\/en\/wp-json\/wp\/v2\/pages"}],"about":[{"href":"https:\/\/kanzlei-fahn.de\/en\/wp-json\/wp\/v2\/types\/page"}],"author":[{"embeddable":true,"href":"https:\/\/kanzlei-fahn.de\/en\/wp-json\/wp\/v2\/users\/1"}],"replies":[{"embeddable":true,"href":"https:\/\/kanzlei-fahn.de\/en\/wp-json\/wp\/v2\/comments?post=84"}],"version-history":[{"count":43,"href":"https:\/\/kanzlei-fahn.de\/en\/wp-json\/wp\/v2\/pages\/84\/revisions"}],"predecessor-version":[{"id":11864,"href":"https:\/\/kanzlei-fahn.de\/en\/wp-json\/wp\/v2\/pages\/84\/revisions\/11864"}],"wp:attachment":[{"href":"https:\/\/kanzlei-fahn.de\/en\/wp-json\/wp\/v2\/media?parent=84"}],"curies":[{"name":"wp","href":"https:\/\/api.w.org\/{rel}","templated":true}]}}