{"id":87,"date":"2021-06-21T14:36:08","date_gmt":"2021-06-21T12:36:08","guid":{"rendered":"http:\/\/88.217.240.170\/?page_id=87"},"modified":"2023-04-11T10:54:47","modified_gmt":"2023-04-11T08:54:47","slug":"impressum","status":"publish","type":"page","link":"https:\/\/kanzlei-fahn.de\/en\/kontakt\/impressum\/","title":{"rendered":"Imprint"},"content":{"rendered":"<p><strong>Robert FAHN<\/strong><\/p>\n<p>Steuerberater, Wirtschaftspr\u00fcfer,<br \/>\nPr\u00fcfer f\u00fcr Qualit\u00e4tskontrolle nach \u00a757a WPO<br \/>\nRidlerstrasse 33 \/ III (im ADAC-Geb\u00e4ude)<br \/>\nD-80339 M\u00fcnchen<br \/>\nTel.: +49 (0)89&nbsp;5 99 76 79 &#8211; 3<br \/>\nFax: +49 (0)89&nbsp;5 99 76 79 &#8211; 55<br \/>\nE-Mail: <a href=\"mailto:kanzlei@kanzlei-fahn.de\">kanzlei@kanzlei-fahn.de<\/a><\/p>\n<p class=\"align-justify\"><strong>Robert Fahn<\/strong> ist Steuerberater, Bundesrepublik Deutschland, Mitglied der Steuerberaterkammer M\u00fcnchen,<br \/>\nNederlingerstr. 9, 80683 M\u00fcnchen.<br \/>\nDie ma\u00dfgeblichen berufsrechtlichen Regelungen f\u00fcr Steuerberater sind:<br \/>\ndas Steuerberatergesetz, die Durchf\u00fchrungsverordnung, die Berufsordnung und die Steuerberatergeb\u00fchrenordnung.<br \/>\nDiese Vorschriften sind bei der <a class=\"external-link-new-window\" href=\"https:\/\/www.bstbk.de\/\" target=\"_blank\" rel=\"noopener noreferrer\">Bundessteuerberaterkammer<\/a> ver\u00f6ffentlicht.<\/p>\n<p class=\"align-justify\"><strong>Robert Fahn<\/strong> ist Wirtschaftspr\u00fcfer und Pr\u00fcfer f\u00fcr Qualit\u00e4tskontrolle, Bundesrepublik Deutschland, Mitglied der Wirtschaftspr\u00fcferkammer, Rauchstr. 26, 10787 Berlin.<br \/>\nDie ma\u00dfgeblichen berufsrechtlichen Regelungen f\u00fcr Wirtschaftspr\u00fcfer sind:<br \/>\nDas Wirtschaftspr\u00fcferordnungs-\u00c4nderdungsgesetz, die Wirtschafts- pr\u00fcferordnung, Berufssatzung f\u00fcr Wirtschaftspr\u00fcfer, in der bis 11. M\u00e4rz 2002 g\u00fcltigen Fassung, die Berufssatzung f\u00fcr Wirtschaftspr\u00fcfer,in der ab 11. M\u00e4rz 2002 g\u00fcltigen Fassung, die Satzung f\u00fcr Qualit\u00e4tskontrolle, die Siegelverordnung, Wirtschaftspr\u00fcfer &#8211; Berufshaftpflichtversicherungsverordnung.<br \/>\nDiese Vorschriften sind bei der <a class=\"external-link-new-window\" href=\"https:\/\/www.wpk.de\/\" target=\"_blank\" rel=\"noopener noreferrer\">Wirtschaftspr\u00fcferkammer<\/a> ver\u00f6ffentlicht.<\/p>\n<p class=\"align-justify\"><strong>Verantwortung f\u00fcr seitenfremde Links<\/strong><br \/>\nMit Urteil vom 12. Mai 1998 hat das Landesgericht Hamburg entschieden, dass man durch die Ausbringung von Links die Inhalte der gelinkten Seiten gegebenenfalls mit zu verantworten hat. Dies kann &#8211; so das Landgericht &#8211; nur dadurch verhindert werden, wenn man sich ausdr\u00fccklich von diesen Inhalten distanziert. Wir haben auf dieser Seite Links zu anderen Seiten. F\u00fcr s\u00e4mtliche dieser Links gilt: Wir haben keinerlei Einfluss auf die Gestaltung und die Inhalte der gelinkten Seiten. Somit distanzieren wir uns hiermit ausdr\u00fccklich von den Inhalten aller externen Seiten.<\/p>\n<p>Webdesign: <a class=\"external-link-new-window\" title=\"Michael Riegel e.K. IT-Service &amp; Beratung\" href=\"https:\/\/riegel-it.de\/\" target=\"_blank\" rel=\"noopener noreferrer\">Michael Riegel e.K. &nbsp;&#8211;&nbsp;&nbsp;IT-Service &amp; Beratung<\/a><strong>Robert FAHN<\/strong><\/p>\n<p>Steuerberater, Wirtschaftspr\u00fcfer,<br \/>\nPr\u00fcfer f\u00fcr Qualit\u00e4tskontrolle nach \u00a757a WPO<br \/>\nRidlerstrasse 33 \/ III (im ADAC-Geb\u00e4ude)<br \/>\nD-80339 M\u00fcnchen<br \/>\nTel.: +49 (0)89&nbsp;5 99 76 79 &#8211; 3<br \/>\nFax: +49 (0)89&nbsp;5 99 76 79 &#8211; 55<br \/>\nE-Mail: <a href=\"mailto:kanzlei@kanzlei-fahn.de\">kanzlei@kanzlei-fahn.de<\/a><\/p>\n<p class=\"align-justify\"><strong>Robert Fahn<\/strong> ist Steuerberater, Bundesrepublik Deutschland, Mitglied der Steuerberaterkammer M\u00fcnchen,<br \/>\nNederlingerstr. 9, 80683 M\u00fcnchen.<br \/>\nDie ma\u00dfgeblichen berufsrechtlichen Regelungen f\u00fcr Steuerberater sind:<br \/>\ndas Steuerberatergesetz, die Durchf\u00fchrungsverordnung, die Berufsordnung und die Steuerberatergeb\u00fchrenordnung.<br \/>\nDiese Vorschriften sind bei der <a class=\"external-link-new-window\" href=\"https:\/\/www.bstbk.de\/\" target=\"_blank\" rel=\"noopener noreferrer\">Bundessteuerberaterkammer<\/a> ver\u00f6ffentlicht.<\/p>\n<p class=\"align-justify\"><strong>Robert Fahn<\/strong> ist Wirtschaftspr\u00fcfer und Pr\u00fcfer f\u00fcr Qualit\u00e4tskontrolle, Bundesrepublik Deutschland, Mitglied der Wirtschaftspr\u00fcferkammer, Rauchstr. 26, 10787 Berlin.<br \/>\nDie ma\u00dfgeblichen berufsrechtlichen Regelungen f\u00fcr Wirtschaftspr\u00fcfer sind:<br \/>\nDas Wirtschaftspr\u00fcferordnungs-\u00c4nderdungsgesetz, die Wirtschafts- pr\u00fcferordnung, Berufssatzung f\u00fcr Wirtschaftspr\u00fcfer, in der bis 11. M\u00e4rz 2002 g\u00fcltigen Fassung, die Berufssatzung f\u00fcr Wirtschaftspr\u00fcfer,in der ab 11. M\u00e4rz 2002 g\u00fcltigen Fassung, die Satzung f\u00fcr Qualit\u00e4tskontrolle, die Siegelverordnung, Wirtschaftspr\u00fcfer &#8211; Berufshaftpflichtversicherungsverordnung.<br \/>\nDiese Vorschriften sind bei der <a class=\"external-link-new-window\" href=\"https:\/\/www.wpk.de\/\" target=\"_blank\" rel=\"noopener noreferrer\">Wirtschaftspr\u00fcferkammer<\/a> ver\u00f6ffentlicht.<\/p>\n<p class=\"align-justify\"><strong>Verantwortung f\u00fcr seitenfremde Links<\/strong><br \/>\nMit Urteil vom 12. Mai 1998 hat das Landesgericht Hamburg entschieden, dass man durch die Ausbringung von Links die Inhalte der gelinkten Seiten gegebenenfalls mit zu verantworten hat. Dies kann &#8211; so das Landgericht &#8211; nur dadurch verhindert werden, wenn man sich ausdr\u00fccklich von diesen Inhalten distanziert. Wir haben auf dieser Seite Links zu anderen Seiten. F\u00fcr s\u00e4mtliche dieser Links gilt: Wir haben keinerlei Einfluss auf die Gestaltung und die Inhalte der gelinkten Seiten. Somit distanzieren wir uns hiermit ausdr\u00fccklich von den Inhalten aller externen Seiten.<\/p>\n<p>Webdesign: <a class=\"external-link-new-window\" title=\"Michael Riegel e.K. IT-Service &amp; Beratung\" href=\"https:\/\/www.riegel-it.de\/\" target=\"_blank\" rel=\"noopener noreferrer\">Michael Riegel e.K. &nbsp;&#8211;&nbsp;&nbsp;IT-Service &amp; Beratung<\/a><\/p>","protected":false},"excerpt":{"rendered":"<p>Robert FAHN Steuerberater, Wirtschaftspr\u00fcfer, Pr\u00fcfer f\u00fcr Qualit\u00e4tskontrolle nach \u00a757a WPO Ridlerstrasse 33 \/ III (im ADAC-Geb\u00e4ude) D-80339 M\u00fcnchen Tel.: +49 (0)89&nbsp;5 99 76 79 &#8211; 3 Fax: +49 (0)89&nbsp;5 99 &#8230;<\/p>\n","protected":false},"author":1,"featured_media":0,"parent":73,"menu_order":0,"comment_status":"closed","ping_status":"closed","template":"","meta":{"footnotes":""},"class_list":["post-87","page","type-page","status-publish","hentry"],"aioseo_notices":[],"_links":{"self":[{"href":"https:\/\/kanzlei-fahn.de\/en\/wp-json\/wp\/v2\/pages\/87","targetHints":{"allow":["GET"]}}],"collection":[{"href":"https:\/\/kanzlei-fahn.de\/en\/wp-json\/wp\/v2\/pages"}],"about":[{"href":"https:\/\/kanzlei-fahn.de\/en\/wp-json\/wp\/v2\/types\/page"}],"author":[{"embeddable":true,"href":"https:\/\/kanzlei-fahn.de\/en\/wp-json\/wp\/v2\/users\/1"}],"replies":[{"embeddable":true,"href":"https:\/\/kanzlei-fahn.de\/en\/wp-json\/wp\/v2\/comments?post=87"}],"version-history":[{"count":17,"href":"https:\/\/kanzlei-fahn.de\/en\/wp-json\/wp\/v2\/pages\/87\/revisions"}],"predecessor-version":[{"id":10265,"href":"https:\/\/kanzlei-fahn.de\/en\/wp-json\/wp\/v2\/pages\/87\/revisions\/10265"}],"up":[{"embeddable":true,"href":"https:\/\/kanzlei-fahn.de\/en\/wp-json\/wp\/v2\/pages\/73"}],"wp:attachment":[{"href":"https:\/\/kanzlei-fahn.de\/en\/wp-json\/wp\/v2\/media?parent=87"}],"curies":[{"name":"wp","href":"https:\/\/api.w.org\/{rel}","templated":true}]}}